{"id":601,"date":"2018-11-26T17:53:19","date_gmt":"2018-11-26T09:53:19","guid":{"rendered":"https:\/\/www.expandablemicrosphere.com\/?page_id=601"},"modified":"2024-05-06T15:26:00","modified_gmt":"2024-05-06T07:26:00","slug":"super-ultra-light-clay","status":"publish","type":"page","link":"https:\/\/expandablemicrosphere.com\/zh\/application-of-expandable-microspheres\/super-ultra-light-clay\/","title":{"rendered":"\u8d85\u8f7b\u7c98\u571f"},"content":{"rendered":"<h3><strong><b>What&#8217;s super ultra light clay?<\/b><\/strong><\/h3>\n<p>Super ultra light clay, also known as lightweight clay or air-dry clay, is a type of modeling clay that is extremely lightweight and easy to work with. It is made primarily from natural ingredients such as water, talc, and glue, along with additives such as expandable microspheres or foam particles. These additives contribute to the clay&#8217;s lightweight and airy texture.<\/p>\n<p>It is popular among artists, crafters, and hobbyists for creating sculptures, figurines, jewelry, decorations, and other artistic projects. Its lightweight nature makes it easy to mold, shape, and manipulate, even for intricate details. Additionally, super ultra light clay air-dries naturally over time, eliminating the need for baking or firing in a kiln.<\/p>\n\t<iframe loading=\"lazy\" width=\"769\" height=\"433\" src=\"https:\/\/www.youtube.com\/embed\/ToPcrQ6R0Kc\" title=\"Super light clay formulation with expandable microspheres\" frameborder=\"0\" allow=\"accelerometer; autoplay; clipboard-write; encrypted-media; gyroscope; picture-in-picture; web-share\" referrerpolicy=\"strict-origin-when-cross-origin\" allowfullscreen><\/iframe>\n\t\t\t\t<a href=\"#\" target=\"_self\" itemprop=\"url\" rel=\"noopener\">\n\t\t\t\t<img loading=\"lazy\" decoding=\"async\" src=\"https:\/\/expandablemicrosphere.com\/wp-content\/uploads\/2018\/11\/toyclay1.png\" alt=\"super ultra light clay\" itemprop=\"image\" height=\"304\" width=\"550\" title=\"superultralightclay1\" onerror=\"this.style.display='none'\"  \/>\n\t\t\t\t<\/a>\n<h3><a href=\"#\" target=\"_self\" rel=\"noopener\">Traditional Toy Clay<\/a><\/h3><ul>\n<li>Chemical smell<\/li>\n<li>\u200bHard to preserve, impossible to reuse after drying<\/li>\n<\/ul>\n<p>&nbsp;<\/p>\n<p>&nbsp;<\/p>\n<p>&nbsp;<\/p>\n\t\t\t\t<a href=\"#\" target=\"_self\" itemprop=\"url\" rel=\"noopener\">\n\t\t\t\t<img loading=\"lazy\" decoding=\"async\" src=\"https:\/\/expandablemicrosphere.com\/wp-content\/uploads\/2018\/11\/toyclay2.png\" alt=\"super ultra light clay 2\" itemprop=\"image\" height=\"300\" width=\"543\" title=\"toyclay2\" onerror=\"this.style.display='none'\"  \/>\n\t\t\t\t<\/a>\n<h3><a href=\"#\" target=\"_self\" rel=\"noopener\">Super Ultra Light Clay with Microspheres<\/a><\/h3><ul>\n<li>Super ultra light weight<\/li>\n<li>Good flexibility<\/li>\n<li>Good storage stability<\/li>\n<li>Low shrinkage after drying<\/li>\n<li>High plasticity and easy to shape<\/li>\n<li>Good toughness and extrudability<\/li>\n<li>Safe and friendly to the environment<\/li>\n<\/ul>\n\t<h3>Technical Guide Download<\/h3>\n<p><a href=\"https:\/\/expandablemicrosphere.com\/wp-content\/uploads\/2024\/04\/Super-light-clay-Ultra-light-clay-Air-dry-clay-modeling-clay-formulation-with-expandable-microspheres.pdf\">Super light clay \/ Ultra light clay \/ Air dry clay \/ modeling clay formulation with expandable microspheres.pdf<\/a><\/p>\n<p><a href=\"https:\/\/expandablemicrosphere.com\/wp-content\/uploads\/2024\/05\/Arcilla-super-ligera-Arcilla-ultraligera-Arcilla-seca-al-aire-Formulacion-de-arcilla-para-modelar-con-microesferas-expandibles.pdf\">Arcilla s\u00faper ligera Arcilla ultraligera Arcilla seca al aire Formulaci\u00f3n de arcilla para modelar con microesferas expandibles.pdf<\/a><\/p>\n<p><a href=\"https:\/\/expandablemicrosphere.com\/wp-content\/uploads\/2024\/05\/Argila-super-leve-Argila-ultra-leve-Formulacao-de-argila-para-modelar-argila-seca-ao-ar-com-microesferas-expansiveis.pdf\">Argila super leve Argila ultra leve Formula\u00e7\u00e3o de argila para modelar argila seca ao ar com microesferas expans\u00edveis.pdf<\/a><\/p>\n<p><a href=\"https:\/\/expandablemicrosphere.com\/wp-content\/uploads\/2024\/05\/Argile-super-legere-Argile-ultra-legere-Argile-seche-a-lair-libre-Formulation-dargile-a-modeler-avec-microspheres-expansibles.pdf\">Argile super l\u00e9g\u00e8re Argile ultra l\u00e9g\u00e8re Argile s\u00e8che \u00e0 l&#8217;air libre Formulation d&#8217;argile \u00e0 modeler avec microsph\u00e8res expansibles.pdf<\/a><\/p>\n<p><a href=\"https:\/\/expandablemicrosphere.com\/wp-content\/uploads\/2024\/05\/Super-hafif-kil-Ultra-hafif-kil-Genisletilebilir-mikrokurelerle-havayla-kuruyan-kil-modelleme-kili-formulasyonu.pdf\">S\u00fcper hafif kil Ultra hafif kil Geni\u015fletilebilir mikrok\u00fcrelerle havayla kuruyan kil modelleme kili form\u00fclasyonu.pdf<\/a><\/p>\n<p><a href=\"https:\/\/expandablemicrosphere.com\/wp-content\/uploads\/2024\/05\/Tanah-liat-super-ringan-Tanah-liat-ultra-ringan-Formulasi-tanah-liat-pemodelan-tanah-liat-kering-udara-dengan-mikrosfer-yang-dapat-diperluas.pdf\">Tanah liat super ringan Tanah liat ultra ringan Formulasi tanah liat pemodelan tanah liat kering udara dengan mikrosfer yang dapat diperluas.pdf<\/a><\/p>\n<p><a href=\"https:\/\/expandablemicrosphere.com\/wp-content\/uploads\/2024\/05\/\u04e8\u0442\u0435-\u0436\u0435\u04a3\u0456\u043b-\u0441\u0430\u0437-\u0423\u043b\u044c\u0442\u0440\u0430-\u0436\u0435\u04a3\u0456\u043b-\u0441\u0430\u0437-\u0410\u0443\u0430-\u049b\u04b1\u0440\u0493\u0430\u049b-\u0441\u0430\u0437\u0434\u044b-\u043c\u043e\u0434\u0435\u043b\u044c\u0434\u0435\u0439\u0442\u0456\u043d-\u043a\u0435\u04a3\u0435\u0439\u0442\u0456\u043b\u0435\u0442\u0456\u043d-\u043c\u0438\u043a\u0440\u043e\u0441\u0444\u0435\u0440\u0430-\u0431\u0430\u0440-\u0441\u0430\u0437\u0434\u044b-\u049b\u04b1\u0440\u0430\u043c.pdf\">\u04e8\u0442\u0435 \u0436\u0435\u04a3\u0456\u043b \u0441\u0430\u0437 \u0423\u043b\u044c\u0442\u0440\u0430 \u0436\u0435\u04a3\u0456\u043b \u0441\u0430\u0437 \u0410\u0443\u0430 \u049b\u04b1\u0440\u0493\u0430\u049b \u0441\u0430\u0437\u0434\u044b \u043c\u043e\u0434\u0435\u043b\u044c\u0434\u0435\u0439\u0442\u0456\u043d \u043a\u0435\u04a3\u0435\u0439\u0442\u0456\u043b\u0435\u0442\u0456\u043d \u043c\u0438\u043a\u0440\u043e\u0441\u0444\u0435\u0440\u0430 \u0431\u0430\u0440 \u0441\u0430\u0437\u0434\u044b \u049b\u04b1\u0440\u0430\u043c.pdf<\/a><\/p>\n<p><a href=\"https:\/\/expandablemicrosphere.com\/wp-content\/uploads\/2024\/05\/\u0421\u0432\u0435\u0440\u0445\u043b\u0435\u0433\u043a\u0430\u044f-\u0433\u043b\u0438\u043d\u0430-\u0421\u0432\u0435\u0440\u0445\u043b\u0435\u0433\u043a\u0430\u044f-\u0433\u043b\u0438\u043d\u0430-\u0421\u0443\u0445\u0430\u044f-\u043d\u0430-\u0432\u043e\u0437\u0434\u0443\u0445\u0435-\u0433\u043b\u0438\u043d\u0430-\u0434\u043b\u044f-\u043b\u0435\u043f\u043a\u0438-\u0441-\u0440\u0430\u0441\u0448\u0438\u0440\u044f\u0435\u043c\u044b\u043c\u0438-\u043c\u0438\u043a\u0440\u043e\u0441\u0444\u0435\u0440\u0430\u043c\u0438.pdf\">\u0421\u0432\u0435\u0440\u0445\u043b\u0435\u0433\u043a\u0430\u044f \u0433\u043b\u0438\u043d\u0430 \u0421\u0432\u0435\u0440\u0445\u043b\u0435\u0433\u043a\u0430\u044f \u0433\u043b\u0438\u043d\u0430 \u0421\u0443\u0445\u0430\u044f \u043d\u0430 \u0432\u043e\u0437\u0434\u0443\u0445\u0435 \u0433\u043b\u0438\u043d\u0430 \u0434\u043b\u044f \u043b\u0435\u043f\u043a\u0438 \u0441 \u0440\u0430\u0441\u0448\u0438\u0440\u044f\u0435\u043c\u044b\u043c\u0438 \u043c\u0438\u043a\u0440\u043e\u0441\u0444\u0435\u0440\u0430\u043c\u0438.pdf<\/a><\/p>\n<p><a href=\"https:\/\/expandablemicrosphere.com\/wp-content\/uploads\/2024\/05\/\u062e\u0627\u06a9-\u0631\u0633-\u0641\u0648\u0642-\u0633\u0628\u06a9-\u062e\u0627\u06a9-\u0631\u0633-\u0641\u0648\u0642-\u0633\u0628\u06a9-\u0641\u0631\u0645\u0648\u0644\u0627\u0633\u06cc\u0648\u0646-\u062e\u0627\u06a9-\u0631\u0633-\u0645\u062f\u0644-\u0633\u0627\u0632\u06cc-\u062e\u0627\u06a9-\u062e\u0634\u06a9-\u0647\u0648\u0627-\u0628\u0627-\u0645\u06cc\u06a9\u0631\u0648\u06a9\u0631\u0647-\u0647\u0627\u06cc-\u0642\u0627\u0628\u0644-\u0627\u0646\u0628\u0633\u0627\u0637.pdf\">\u062e\u0627\u06a9 \u0631\u0633 \u0641\u0648\u0642 \u0633\u0628\u06a9 \u062e\u0627\u06a9 \u0631\u0633 \u0641\u0648\u0642 \u0633\u0628\u06a9 \u0641\u0631\u0645\u0648\u0644\u0627\u0633\u06cc\u0648\u0646 \u062e\u0627\u06a9 \u0631\u0633 \u0645\u062f\u0644 \u0633\u0627\u0632\u06cc \u062e\u0627\u06a9 \u062e\u0634\u06a9 \u0647\u0648\u0627 \u0628\u0627 \u0645\u06cc\u06a9\u0631\u0648\u06a9\u0631\u0647 \u0647\u0627\u06cc \u0642\u0627\u0628\u0644 \u0627\u0646\u0628\u0633\u0627\u0637.pdf<\/a><\/p>\n<p><a href=\"https:\/\/expandablemicrosphere.com\/wp-content\/uploads\/2024\/05\/\u0637\u064a\u0646-\u0641\u0627\u0626\u0642-\u0627\u0644\u062e\u0641\u0629-\u0637\u064a\u0646-\u062e\u0641\u064a\u0641-\u0644\u0644\u063a\u0627\u064a\u0629-\u0637\u064a\u0646-\u062a\u0634\u0643\u064a\u0644-\u0627\u0644\u0637\u064a\u0646-\u0627\u0644\u062c\u0627\u0641-\u0628\u0627\u0644\u0647\u0648\u0627\u0621-\u0645\u0639-\u0643\u0631\u064a\u0627\u062a-\u0645\u062c\u0647\u0631\u064a\u0629-\u0642\u0627\u0628\u0644\u0629-\u0644\u0644\u062a\u0648\u0633\u064a\u0639.pdf\">\u0637\u064a\u0646 \u0641\u0627\u0626\u0642 \u0627\u0644\u062e\u0641\u0629 \u0637\u064a\u0646 \u062e\u0641\u064a\u0641 \u0644\u0644\u063a\u0627\u064a\u0629 \u0637\u064a\u0646 \u062a\u0634\u0643\u064a\u0644 \u0627\u0644\u0637\u064a\u0646 \u0627\u0644\u062c\u0627\u0641 \u0628\u0627\u0644\u0647\u0648\u0627\u0621 \u0645\u0639 \u0643\u0631\u064a\u0627\u062a \u0645\u062c\u0647\u0631\u064a\u0629 \u0642\u0627\u0628\u0644\u0629 \u0644\u0644\u062a\u0648\u0633\u064a\u0639.pdf<\/a><\/p>\n<p><a href=\"https:\/\/expandablemicrosphere.com\/wp-content\/uploads\/2024\/05\/\u8d85\u8f15\u91cf\u9ecf\u571f-\u8d85\u8f15\u91cf\u9ecf\u571f-\u98a8\u4e7e\u9ecf\u571f-\u5177\u6709\u53ef\u81a8\u8139\u5fae\u7403\u7684\u9020\u578b\u9ecf\u571f\u914d\u65b9.pdf\">\u8d85\u8f15\u91cf\u9ecf\u571f \u8d85\u8f15\u91cf\u9ecf\u571f \u98a8\u4e7e\u9ecf\u571f \u9020\u578b\u9ecf\u571f\u5177\u6709\u53ef\u81a8\u8139\u5fae\u7403\u7684\u914d\u65b9.pdf<\/a><\/p>\n<p>&nbsp;<\/p>\n<h3>\u66f4\u591a\u6709\u8da3\u7684\u89c6\u9891\uff0c\u8bf7\u67e5\u770b\u6211\u4eec\u7684 Youtube \u9891\u9053\uff1a<\/h3>\n<p><a href=\"https:\/\/www.youtube.com\/@WaytopExpandableMicrospheres\"><u>https:\/\/www.youtube.com\/@WaytopExpandableMicrospheres<\/u><\/a><\/p>\n\t<h3><strong><b>Some key characteristics of super light clay include:<\/b><\/strong><\/h3>\n<p><strong>1. Lightweight<\/strong><\/p>\n<p>It is exceptionally lightweight, making it easy to handle and sculpt. This characteristic allows artists to create larger and more elaborate pieces without the weight limitations of traditional clay.<\/p>\n<p><strong>2. Air-drying<\/strong><\/p>\n<p>Super ultra light clay air-dries naturally over time, typically within 24-48 hours, depending on the thickness of the clay and environmental conditions. Once dry, it hardens into a durable and slightly porous material that can be painted, varnished, or embellished further.<\/p>\n<p><strong>3. Soft and pliable<\/strong><\/p>\n<p>It has a soft, pliable consistency that makes it easy to knead, shape, and blend. It retains its elasticity even after drying, allowing for smooth and seamless sculpting.<\/p>\n<p><strong>4. Versatile<\/strong><\/p>\n<p>It comes in various colors and can be mixed to create custom hues. It can also be combined with other materials such as wire armatures, beads, or fabric for mixed-media projects.<\/p>\n<p><strong>5. Non-toxic<\/strong><\/p>\n<p>Most super ultra light clays are non-toxic and safe for children to use under adult supervision. However, it is essential to check the manufacturer&#8217;s recommendations and safety precautions before use.<\/p>\n<p>Super ultra light clay offers artists and creators a versatile and user-friendly medium for expressing their creativity and bringing their ideas to life. Its lightweight, air-drying, and moldable properties make it suitable for a wide range of artistic endeavors, from simple crafts to intricate sculptures.<\/p>\n<p>&nbsp;<\/p>\n<h3><strong><b>How expandable microspheres affect the super ultra light clay?<\/b><\/strong><\/h3>\n<p>Toy clays containing expandable\u00a0microspheres will have high compressibility and elasticity, which is fun to work with since its good hand feel.<\/p>\n<p>The low density of the microspheres will cut the cost of toy caly by reducing the amount of binder. expandable\u00a0Microspheres can constitute up to 90 volume % of the toy clay depending on the binder system used. The closed spheres and resilience of expandable\u00a0microspheres will ensure that shrinkage is kept to an absolute minimum while the toy clay is drying, and that it&#8217;ll remain stable during storage.<\/p>\n\t\t<h3>\u60f3\u4e86\u89e3\u66f4\u591a\uff1f<\/h3>\n\t\t<p>\u6211\u4eec\u7684\u4e13\u4e1a\u56e2\u961f\u5c06\u968f\u65f6\u63d0\u4f9b\u5e2e\u52a9\uff0c\u8ba9\u5fae\u7403\u5728\u60a8\u7684\u5e94\u7528\u4e2d\u53d1\u6325\u6700\u5927\u7684\u79ef\u6781\u4f5c\u7528\u3002<\/p>\n\t\t\t<a href=\"https:\/\/expandablemicrosphere.com\/zh\/contact\/\" target=\"_self\" rel=\"noopener\">\n\t\t\t\t\t\t\t\u8054\u7cfb\u6211\u4eec\u4e13\u5bb6\n\t\t\t\t\t<\/a>","protected":false},"excerpt":{"rendered":"<p>What&#8217;s super ultra light clay? Super ultra light clay, also known as lightweight clay or air-dry clay, is a type&hellip;<\/p>","protected":false},"author":1,"featured_media":0,"parent":373,"menu_order":9,"comment_status":"closed","ping_status":"closed","template":"","meta":{"footnotes":""},"class_list":["post-601","page","type-page","status-publish","hentry"],"aioseo_notices":[],"_links":{"self":[{"href":"https:\/\/expandablemicrosphere.com\/zh\/wp-json\/wp\/v2\/pages\/601","targetHints":{"allow":["GET"]}}],"collection":[{"href":"https:\/\/expandablemicrosphere.com\/zh\/wp-json\/wp\/v2\/pages"}],"about":[{"href":"https:\/\/expandablemicrosphere.com\/zh\/wp-json\/wp\/v2\/types\/page"}],"author":[{"embeddable":true,"href":"https:\/\/expandablemicrosphere.com\/zh\/wp-json\/wp\/v2\/users\/1"}],"replies":[{"embeddable":true,"href":"https:\/\/expandablemicrosphere.com\/zh\/wp-json\/wp\/v2\/comments?post=601"}],"version-history":[{"count":24,"href":"https:\/\/expandablemicrosphere.com\/zh\/wp-json\/wp\/v2\/pages\/601\/revisions"}],"predecessor-version":[{"id":2179,"href":"https:\/\/expandablemicrosphere.com\/zh\/wp-json\/wp\/v2\/pages\/601\/revisions\/2179"}],"up":[{"embeddable":true,"href":"https:\/\/expandablemicrosphere.com\/zh\/wp-json\/wp\/v2\/pages\/373"}],"wp:attachment":[{"href":"https:\/\/expandablemicrosphere.com\/zh\/wp-json\/wp\/v2\/media?parent=601"}],"curies":[{"name":"wp","href":"https:\/\/api.w.org\/{rel}","templated":true}]}}